{"id":8976,"date":"2024-04-29T15:58:40","date_gmt":"2024-04-29T13:58:40","guid":{"rendered":"https:\/\/www.buildingdryer.be\/kopen\/?post_type=product&#038;p=8976"},"modified":"2026-02-12T16:00:10","modified_gmt":"2026-02-12T14:00:10","slug":"biocool-wind-force-10","status":"publish","type":"product","link":"https:\/\/www.buildingdryer.be\/kopen\/luchtkoelers\/biocool-wind-force-10\/","title":{"rendered":"Biocool Wind Force 10"},"content":{"rendered":"<p>Biocool Wind Force 10 is een professionele industri\u00eble luchtkoeler met ge\u00efntegreerd UV-licht, deze elimineert elk risico op desinfectie door virussen en bacteri\u00ebn. Met zijn minimale energieverbruik is de Wind Force 10 ideaal inzetbaar voor het koelen van ruimtes tot 400 vierkante meter.<\/p>\n<h2>Belangrijkste kenmerken Biocool Wind Force 10<\/h2>\n<ul>\n<li>Effici\u00ebnte en duurzame spotkoeler voor industri\u00eble toepassingen<\/li>\n<li>Stille werking, zelfs bij grote luchtstroom<\/li>\n<li>Standaard automatische zwenkfunctie<\/li>\n<li>Grote watertank voor langere bedrijfsuren<\/li>\n<li>Grote, duurzame wielen met remmen zorgen voor gemakkelijke verplaatsing<\/li>\n<li>Sluit de tuinslang aan of vul de tank handmatig bij om uw medewerkers comfort te bieden<\/li>\n<li>Corrosiebestendige kunststof behuizing<\/li>\n<li>Inclusief luchtfilter voor eenvoudig onderhoud<\/li>\n<li>Afstandsbediening om de snelheid eenvoudig aan te passen<\/li>\n<li>UV-lamp, desinfecteert het water<\/li>\n<\/ul>\n<h2>Hoe werkt de Biocool Wind Force 10 industri\u00eble luchtkoeler<\/h2>\n<p>Het belangrijkste onderdeel van de Biocool Wind Force 10 industri\u00eble luchtkoeler zijn de media pads, ook wel cool-pads genoemd, waar het water verdampt en de lucht die door de kussens gaat, wordt gekoeld. Verdampingskoelkussens zijn vervaardigd uit gecanneleerde cellulosevellen die aan elkaar zijn gelijmd. Het materiaal is chemisch ge\u00efmpregneerd met speciale verbindingen om rotting te voorkomen en een lange levensduur en eenvoudig onderhoud te garanderen.<\/p>\n<h2>Verdampingskoeling en luchtvochtigheid<\/h2>\n<p>Hoe warmer de dag, hoe droger de lucht, hoe meer koeling door middel van verdamping mogelijk is. Met andere woorden: het verkoelende effect is het beste wanneer u dit het meest nodig heeft. De Biocool verdampingskoelers zijn echter ontwikkeld om ook goed te werken in omgevingen met een hoge luchtvochtigheid, en zullen veel effici\u00ebnter blijven dan een eenvoudige ventilator die alleen maar warme lucht circuleert.<\/p>\n<p>Biocool spotkoelers verhogen de luchtvochtigheid met 2 tot 5%, afhankelijk van de temperatuur en luchtvochtigheid in de omgeving die u wilt koelen. De lichte stijging is niet merkbaar in geventileerde ruimtes waar de door het toestel geproduceerde lucht wordt afgevoerd.<\/p>\n","protected":false},"excerpt":{"rendered":"<p>Biocool Wind Force 10 is een professionele industri\u00eble luchtkoeler met ge\u00efntegreerd UV-licht, deze elimineert elk risico op desinfectie door virussen en bacteri\u00ebn. Met zijn minimale energieverbruik is de Wind Force 10 ideaal inzetbaar voor het koelen van ruimtes tot 400 vierkante meter<\/p>\n<p><span style=\"color: #1383cf;\">Bij ons kan u dit toestel ook eerst<strong> testen<\/strong> <strong>in verhuur<\/strong>. Zodoende bent u zeker dat u de perfecte klimaatoplossing koopt.\u2705<\/span><\/p>\n<p>Voor 16u besteld: <strong>zelfde dag verzonden<\/strong>. \u2705<\/p>\n<p>Verzendkosten \u20ac12,5. Boven de \u20ac500 ex btw <strong>gratis verzending. \u2705<\/strong><\/p>\n<p>Biocool = <strong>zeer goede prijs\/kwaliteit.<\/strong> \u2705<\/p>\n<p><strong>Eigen <\/strong>service en onderhoudsdienst!<strong> \u2705<\/strong><\/p>\n<p><strong><img loading=\"lazy\" decoding=\"async\" class=\"alignnone wp-image-9227 \" src=\"https:\/\/www.buildingdryer.be\/kopen\/wp-content\/uploads\/2024\/06\/Betaalmiddel-300x40.jpg\" alt=\"\" width=\"181\" height=\"24\" srcset=\"https:\/\/www.buildingdryer.be\/kopen\/wp-content\/uploads\/2024\/06\/Betaalmiddel-300x40.jpg 300w, https:\/\/www.buildingdryer.be\/kopen\/wp-content\/uploads\/2024\/06\/Betaalmiddel-768x102.jpg 768w, https:\/\/www.buildingdryer.be\/kopen\/wp-content\/uploads\/2024\/06\/Betaalmiddel-600x80.jpg 600w, https:\/\/www.buildingdryer.be\/kopen\/wp-content\/uploads\/2024\/06\/Betaalmiddel.jpg 848w\" sizes=\"auto, (max-width: 181px) 100vw, 181px\" \/><\/strong><\/p>\n<p>&nbsp;<\/p>\n<p>&nbsp;<\/p>\n","protected":false},"featured_media":8977,"comment_status":"closed","ping_status":"closed","template":"","meta":{"_acf_changed":false,"inline_featured_image":false,"_exactmetrics_skip_tracking":false,"_exactmetrics_sitenote_active":false,"_exactmetrics_sitenote_note":"","_exactmetrics_sitenote_category":0},"merken":[354],"product_brand":[],"product_cat":[298,302,23],"product_tag":[],"class_list":{"0":"post-8976","1":"product","2":"type-product","3":"status-publish","4":"has-post-thumbnail","6":"merken-biocool","7":"product_cat-luchtkoelers","8":"product_cat-verkoeling","9":"product_cat-geen-categorie","11":"first","12":"onbackorder","13":"sale","14":"taxable","15":"shipping-taxable","16":"purchasable","17":"product-type-simple"},"acf":[],"yoast_head":"<!-- This site is optimized with the Yoast SEO plugin v27.0 - https:\/\/yoast.com\/product\/yoast-seo-wordpress\/ -->\n<title>Biocool Wind Force 10 - Building Dryer<\/title>\n<meta name=\"description\" content=\"Verkoel grote ruimten met 9\u00b0C verschil! Ideaal voor uw magazijn, atelier of zelfs open terras. Verbruikt zeer weinig elektriciteit!\" \/>\n<meta name=\"robots\" content=\"index, follow, max-snippet:-1, max-image-preview:large, max-video-preview:-1\" \/>\n<link rel=\"canonical\" href=\"https:\/\/www.buildingdryer.be\/kopen\/luchtkoelers\/biocool-wind-force-10\/\" \/>\n<meta property=\"og:locale\" content=\"nl_BE\" \/>\n<meta property=\"og:type\" content=\"article\" \/>\n<meta property=\"og:title\" content=\"Biocool Wind Force 10 - Building Dryer\" \/>\n<meta property=\"og:description\" content=\"Verkoel grote ruimten met 9\u00b0C verschil! Ideaal voor uw magazijn, atelier of zelfs open terras. Verbruikt zeer weinig elektriciteit!\" \/>\n<meta property=\"og:url\" content=\"https:\/\/www.buildingdryer.be\/kopen\/luchtkoelers\/biocool-wind-force-10\/\" \/>\n<meta property=\"og:site_name\" content=\"Building Dryer\" \/>\n<meta property=\"article:modified_time\" content=\"2026-02-12T14:00:10+00:00\" \/>\n<meta property=\"og:image\" content=\"https:\/\/www.buildingdryer.be\/kopen\/wp-content\/uploads\/2024\/04\/Biocool-Wind-Force-10.jpg\" \/>\n\t<meta property=\"og:image:width\" content=\"1000\" \/>\n\t<meta property=\"og:image:height\" content=\"1000\" \/>\n\t<meta property=\"og:image:type\" content=\"image\/jpeg\" \/>\n<meta name=\"twitter:card\" content=\"summary_large_image\" \/>\n<meta name=\"twitter:label1\" content=\"Geschatte leestijd\" \/>\n\t<meta name=\"twitter:data1\" content=\"2 minuten\" \/>\n<script type=\"application\/ld+json\" class=\"yoast-schema-graph\">{\"@context\":\"https:\/\/schema.org\",\"@graph\":[{\"@type\":\"WebPage\",\"@id\":\"https:\/\/www.buildingdryer.be\/kopen\/luchtkoelers\/biocool-wind-force-10\/\",\"url\":\"https:\/\/www.buildingdryer.be\/kopen\/luchtkoelers\/biocool-wind-force-10\/\",\"name\":\"Biocool Wind Force 10 - Building Dryer\",\"isPartOf\":{\"@id\":\"https:\/\/www.buildingdryer.be\/kopen\/#website\"},\"primaryImageOfPage\":{\"@id\":\"https:\/\/www.buildingdryer.be\/kopen\/luchtkoelers\/biocool-wind-force-10\/#primaryimage\"},\"image\":{\"@id\":\"https:\/\/www.buildingdryer.be\/kopen\/luchtkoelers\/biocool-wind-force-10\/#primaryimage\"},\"thumbnailUrl\":\"https:\/\/www.buildingdryer.be\/kopen\/wp-content\/uploads\/2024\/04\/Biocool-Wind-Force-10.jpg\",\"datePublished\":\"2024-04-29T13:58:40+00:00\",\"dateModified\":\"2026-02-12T14:00:10+00:00\",\"description\":\"Verkoel grote ruimten met 9\u00b0C verschil! Ideaal voor uw magazijn, atelier of zelfs open terras. Verbruikt zeer weinig elektriciteit!\",\"breadcrumb\":{\"@id\":\"https:\/\/www.buildingdryer.be\/kopen\/luchtkoelers\/biocool-wind-force-10\/#breadcrumb\"},\"inLanguage\":\"nl-BE\",\"potentialAction\":[{\"@type\":\"ReadAction\",\"target\":[\"https:\/\/www.buildingdryer.be\/kopen\/luchtkoelers\/biocool-wind-force-10\/\"]}]},{\"@type\":\"ImageObject\",\"inLanguage\":\"nl-BE\",\"@id\":\"https:\/\/www.buildingdryer.be\/kopen\/luchtkoelers\/biocool-wind-force-10\/#primaryimage\",\"url\":\"https:\/\/www.buildingdryer.be\/kopen\/wp-content\/uploads\/2024\/04\/Biocool-Wind-Force-10.jpg\",\"contentUrl\":\"https:\/\/www.buildingdryer.be\/kopen\/wp-content\/uploads\/2024\/04\/Biocool-Wind-Force-10.jpg\",\"width\":1000,\"height\":1000},{\"@type\":\"BreadcrumbList\",\"@id\":\"https:\/\/www.buildingdryer.be\/kopen\/luchtkoelers\/biocool-wind-force-10\/#breadcrumb\",\"itemListElement\":[{\"@type\":\"ListItem\",\"position\":1,\"name\":\"Home\",\"item\":\"https:\/\/www.buildingdryer.be\/kopen\/\"},{\"@type\":\"ListItem\",\"position\":2,\"name\":\"Shop\",\"item\":\"https:\/\/www.buildingdryer.be\/kopen\/bouwdroger-webshop\/\"},{\"@type\":\"ListItem\",\"position\":3,\"name\":\"Biocool Wind Force 10\"}]},{\"@type\":\"WebSite\",\"@id\":\"https:\/\/www.buildingdryer.be\/kopen\/#website\",\"url\":\"https:\/\/www.buildingdryer.be\/kopen\/\",\"name\":\"Building Dryer\",\"description\":\"Klimaatwebshop\",\"publisher\":{\"@id\":\"https:\/\/www.buildingdryer.be\/kopen\/#organization\"},\"potentialAction\":[{\"@type\":\"SearchAction\",\"target\":{\"@type\":\"EntryPoint\",\"urlTemplate\":\"https:\/\/www.buildingdryer.be\/kopen\/?s={search_term_string}\"},\"query-input\":{\"@type\":\"PropertyValueSpecification\",\"valueRequired\":true,\"valueName\":\"search_term_string\"}}],\"inLanguage\":\"nl-BE\"},{\"@type\":\"Organization\",\"@id\":\"https:\/\/www.buildingdryer.be\/kopen\/#organization\",\"name\":\"Building Dryer\",\"url\":\"https:\/\/www.buildingdryer.be\/kopen\/\",\"logo\":{\"@type\":\"ImageObject\",\"inLanguage\":\"nl-BE\",\"@id\":\"https:\/\/www.buildingdryer.be\/kopen\/#\/schema\/logo\/image\/\",\"url\":\"https:\/\/www.buildingdryer.be\/kopen\/wp-content\/uploads\/2019\/10\/logo-main.png\",\"contentUrl\":\"https:\/\/www.buildingdryer.be\/kopen\/wp-content\/uploads\/2019\/10\/logo-main.png\",\"width\":360,\"height\":83,\"caption\":\"Building Dryer\"},\"image\":{\"@id\":\"https:\/\/www.buildingdryer.be\/kopen\/#\/schema\/logo\/image\/\"}}]}<\/script>\n<!-- \/ Yoast SEO plugin. -->","yoast_head_json":{"title":"Biocool Wind Force 10 - Building Dryer","description":"Verkoel grote ruimten met 9\u00b0C verschil! Ideaal voor uw magazijn, atelier of zelfs open terras. Verbruikt zeer weinig elektriciteit!","robots":{"index":"index","follow":"follow","max-snippet":"max-snippet:-1","max-image-preview":"max-image-preview:large","max-video-preview":"max-video-preview:-1"},"canonical":"https:\/\/www.buildingdryer.be\/kopen\/luchtkoelers\/biocool-wind-force-10\/","og_locale":"nl_BE","og_type":"article","og_title":"Biocool Wind Force 10 - Building Dryer","og_description":"Verkoel grote ruimten met 9\u00b0C verschil! Ideaal voor uw magazijn, atelier of zelfs open terras. Verbruikt zeer weinig elektriciteit!","og_url":"https:\/\/www.buildingdryer.be\/kopen\/luchtkoelers\/biocool-wind-force-10\/","og_site_name":"Building Dryer","article_modified_time":"2026-02-12T14:00:10+00:00","og_image":[{"width":1000,"height":1000,"url":"https:\/\/www.buildingdryer.be\/kopen\/wp-content\/uploads\/2024\/04\/Biocool-Wind-Force-10.jpg","type":"image\/jpeg"}],"twitter_card":"summary_large_image","twitter_misc":{"Geschatte leestijd":"2 minuten"},"schema":{"@context":"https:\/\/schema.org","@graph":[{"@type":"WebPage","@id":"https:\/\/www.buildingdryer.be\/kopen\/luchtkoelers\/biocool-wind-force-10\/","url":"https:\/\/www.buildingdryer.be\/kopen\/luchtkoelers\/biocool-wind-force-10\/","name":"Biocool Wind Force 10 - Building Dryer","isPartOf":{"@id":"https:\/\/www.buildingdryer.be\/kopen\/#website"},"primaryImageOfPage":{"@id":"https:\/\/www.buildingdryer.be\/kopen\/luchtkoelers\/biocool-wind-force-10\/#primaryimage"},"image":{"@id":"https:\/\/www.buildingdryer.be\/kopen\/luchtkoelers\/biocool-wind-force-10\/#primaryimage"},"thumbnailUrl":"https:\/\/www.buildingdryer.be\/kopen\/wp-content\/uploads\/2024\/04\/Biocool-Wind-Force-10.jpg","datePublished":"2024-04-29T13:58:40+00:00","dateModified":"2026-02-12T14:00:10+00:00","description":"Verkoel grote ruimten met 9\u00b0C verschil! Ideaal voor uw magazijn, atelier of zelfs open terras. Verbruikt zeer weinig elektriciteit!","breadcrumb":{"@id":"https:\/\/www.buildingdryer.be\/kopen\/luchtkoelers\/biocool-wind-force-10\/#breadcrumb"},"inLanguage":"nl-BE","potentialAction":[{"@type":"ReadAction","target":["https:\/\/www.buildingdryer.be\/kopen\/luchtkoelers\/biocool-wind-force-10\/"]}]},{"@type":"ImageObject","inLanguage":"nl-BE","@id":"https:\/\/www.buildingdryer.be\/kopen\/luchtkoelers\/biocool-wind-force-10\/#primaryimage","url":"https:\/\/www.buildingdryer.be\/kopen\/wp-content\/uploads\/2024\/04\/Biocool-Wind-Force-10.jpg","contentUrl":"https:\/\/www.buildingdryer.be\/kopen\/wp-content\/uploads\/2024\/04\/Biocool-Wind-Force-10.jpg","width":1000,"height":1000},{"@type":"BreadcrumbList","@id":"https:\/\/www.buildingdryer.be\/kopen\/luchtkoelers\/biocool-wind-force-10\/#breadcrumb","itemListElement":[{"@type":"ListItem","position":1,"name":"Home","item":"https:\/\/www.buildingdryer.be\/kopen\/"},{"@type":"ListItem","position":2,"name":"Shop","item":"https:\/\/www.buildingdryer.be\/kopen\/bouwdroger-webshop\/"},{"@type":"ListItem","position":3,"name":"Biocool Wind Force 10"}]},{"@type":"WebSite","@id":"https:\/\/www.buildingdryer.be\/kopen\/#website","url":"https:\/\/www.buildingdryer.be\/kopen\/","name":"Building Dryer","description":"Klimaatwebshop","publisher":{"@id":"https:\/\/www.buildingdryer.be\/kopen\/#organization"},"potentialAction":[{"@type":"SearchAction","target":{"@type":"EntryPoint","urlTemplate":"https:\/\/www.buildingdryer.be\/kopen\/?s={search_term_string}"},"query-input":{"@type":"PropertyValueSpecification","valueRequired":true,"valueName":"search_term_string"}}],"inLanguage":"nl-BE"},{"@type":"Organization","@id":"https:\/\/www.buildingdryer.be\/kopen\/#organization","name":"Building Dryer","url":"https:\/\/www.buildingdryer.be\/kopen\/","logo":{"@type":"ImageObject","inLanguage":"nl-BE","@id":"https:\/\/www.buildingdryer.be\/kopen\/#\/schema\/logo\/image\/","url":"https:\/\/www.buildingdryer.be\/kopen\/wp-content\/uploads\/2019\/10\/logo-main.png","contentUrl":"https:\/\/www.buildingdryer.be\/kopen\/wp-content\/uploads\/2019\/10\/logo-main.png","width":360,"height":83,"caption":"Building Dryer"},"image":{"@id":"https:\/\/www.buildingdryer.be\/kopen\/#\/schema\/logo\/image\/"}}]}},"jetpack_sharing_enabled":true,"_links":{"self":[{"href":"https:\/\/www.buildingdryer.be\/kopen\/wp-json\/wp\/v2\/product\/8976","targetHints":{"allow":["GET"]}}],"collection":[{"href":"https:\/\/www.buildingdryer.be\/kopen\/wp-json\/wp\/v2\/product"}],"about":[{"href":"https:\/\/www.buildingdryer.be\/kopen\/wp-json\/wp\/v2\/types\/product"}],"replies":[{"embeddable":true,"href":"https:\/\/www.buildingdryer.be\/kopen\/wp-json\/wp\/v2\/comments?post=8976"}],"wp:featuredmedia":[{"embeddable":true,"href":"https:\/\/www.buildingdryer.be\/kopen\/wp-json\/wp\/v2\/media\/8977"}],"wp:attachment":[{"href":"https:\/\/www.buildingdryer.be\/kopen\/wp-json\/wp\/v2\/media?parent=8976"}],"wp:term":[{"taxonomy":"merken","embeddable":true,"href":"https:\/\/www.buildingdryer.be\/kopen\/wp-json\/wp\/v2\/merken?post=8976"},{"taxonomy":"product_brand","embeddable":true,"href":"https:\/\/www.buildingdryer.be\/kopen\/wp-json\/wp\/v2\/product_brand?post=8976"},{"taxonomy":"product_cat","embeddable":true,"href":"https:\/\/www.buildingdryer.be\/kopen\/wp-json\/wp\/v2\/product_cat?post=8976"},{"taxonomy":"product_tag","embeddable":true,"href":"https:\/\/www.buildingdryer.be\/kopen\/wp-json\/wp\/v2\/product_tag?post=8976"}],"curies":[{"name":"wp","href":"https:\/\/api.w.org\/{rel}","templated":true}]}}